{"id":10,"date":"2012-07-10T04:50:01","date_gmt":"2012-07-10T04:50:01","guid":{"rendered":"http:\/\/www.joatanfontoura.com\/blog\/?page_id=10"},"modified":"2012-11-04T02:55:53","modified_gmt":"2012-11-04T02:55:53","slug":"blog","status":"publish","type":"page","link":"http:\/\/www.joatanfontoura.com\/blog\/blog\/","title":{"rendered":"Blog"},"content":{"rendered":"<h1 style=\"text-align: justify;\"><strong>Um Hobby<\/strong><\/h1>\n<p style=\"text-align: justify;\">Tem gente que gosta de considerar as atividades al\u00e9m do trabalho cotidiano como um hobby. Bom, eu tamb\u00e9m gosto, tanto que acho que minha vida de blogueiro \u00e9 meio que um hobby. Mas n\u00e3o \u00e9 um hobby, hobby, sacam? Por exemplo, na parte editorial eu tento ser o mais profissional poss\u00edvel. Editando tudo certinho, colocando links nos termos necess\u00e1rios, descrevendo o significado das siglas e afins, trabalhando no SEO da postagem, inserindo imagens bem formatadas, nomeadas da forma mais clara poss\u00edvel, e sobretudo, pensando na integridade do conte\u00fado que estou editando, confirmando dados, informa\u00e7\u00f5es, para que as pessoas possam se sentir realmente informadas ou ao menos em parte, considerando meus artigos. Enfim, n\u00e3o que os artigos que eu escrevo s\u00e3o uma perfei\u00e7\u00e3o, mas trabalho ao m\u00e1ximo para deixar tudo estruturado da melhor forma poss\u00edvel.<\/p>\n<p style=\"text-align: justify;\">Certo, mas um hobby n\u00e3o \u00e9 um trabalho de fim de seamana, fora do expediente, uma atividade com a qual podemos relaxar e ter prazer? Com certeza! E de forma alguma posso afirmar que n\u00e3o sinto prazer em escrever e editar minhas publica\u00e7\u00f5es, pelo contr\u00e1rio. Eu gosto muito disso tudo! At\u00e9 porque, n\u00e3o existe nada melhor que aquela sensa\u00e7\u00e3o de miss\u00e3o cumprida, dever feito, quando podemos deitar a cabe\u00e7a no travesseiro e dormir com a certeza de que estamos fazendo o melhor poss\u00edvel.<\/p>\n<h1 style=\"text-align: justify;\"><strong>Sabendo escolher o lugar<\/strong><\/h1>\n<p style=\"text-align: justify;\">Contudo, quando escrevemos para determinado p\u00fablico, ou melhor, quando editamos algum texto e queremos compratilhar o mesmo, principalmente pensando na nossa integridade e na visibilidade do endere\u00e7o que veiculamos, acabamos por nos preocupar muito com a opini\u00e3o dos outros. O que as pessoas v\u00e3o achar? O que v\u00e3o pensar? O que v\u00e3o comentar? Por mais que nos blogs as opini\u00f5es podem ser expressas de uma forma mais trasparente, principalmente quando o grupo editorial \u00e9 independente e n\u00e3o existem princ\u00edpios de uma institui\u00e7\u00e3o para serem defendidos, sempre existe um momento quando as ra\u00edzes do jornalismo acabam refletindo. Afinal, eu n\u00e3o posso chegar aqui e falar mal de algu\u00e9m abertamente, sem comprovar fatos e poder realmente demostrar que o que eu estou afirmando \u00e9 verdade. Isso mancha a imagem de qualquer um, podendo render acusa\u00e7\u00f5es e processos envolvendo at\u00e9 mesmo a justi\u00e7a. Os tempos quando a internet poderia ser classificada como &#8220;Terra sem Leis&#8221; j\u00e1 acabaram. Basta um clique no bot\u00e3o &#8220;publicar&#8221; para que em quest\u00e3o de minutos boa parte dos usu\u00e1rios esteja comentando sobre o que foi postado, e identificando seu autor, sendo que com isso, as consequ\u00eancias levam a s\u00e9rio a quest\u00e3o &#8220;aqui se faz, aqui se paga&#8221;.<\/p>\n<p style=\"text-align: justify;\">Da mesma forma que devemos manter a integridade e a compostura ao escrever, \u00e9 preciso ter em mente onde e como determinado assunto deve ser abordado. Afinal, voc\u00ea n\u00e3o vai chegar em uma reuini\u00e3o de trabalho em plena segunda-feira, usando bermuda, chinelo de dedo e ainda festejando o Grenal do fim de semana que passou. Ao mesmo tempo eu n\u00e3o vou chegar em um blog de tecnologia e escrever uma publica\u00e7\u00e3o falando que eu durmo de cueca. As pessoas n\u00e3o est\u00e3o l\u00e1 para ler, ouvir ou ver isso. Elas abrem determinado site esperando o conte\u00fado que a pr\u00f3pria descri\u00e7\u00e3o promete, na maioria das vezes, o que o pr\u00f3prio dom\u00ednio do site descreve. Claro, existem exce\u00e7\u00f5es, mas a grande maioria trabalha dessa forma.<\/p>\n<h1 style=\"text-align: justify;\"><strong>E a\u00ed?<\/strong><\/h1>\n<p style=\"text-align: justify;\">Partindo dessa ideia, quero tornar o JoatanFontoura :: Blog algo mais informal, como um conversa de bar. N\u00e3o que eu frequente bares, mas descrevendo melhor, algo informal e ao mesmo tempo abrindo espa\u00e7o para trocar ideias e consolidar rela\u00e7\u00f5es. Quero realmente comentar o que eu penso sobre assuntos diversos, sair escrevendo e escrevendo sem me importar no que os outros v\u00e3o pensar. Indexa\u00e7\u00e3o? Paci\u00eancia se o tio Google quiser deixar minhas postagens l\u00e1 na quinta ou sexta p\u00e1gina dos resultados de buscas. Layout? Bom, voc\u00eas est\u00e3o conseguindo ler, n\u00e3o \u00e9 mesmo? Isso \u00e9 o importante, claro, nesse momento. Enfim, esse \u00e9 o objetivo do canal, tornar as coisas abertas, sim as coisas, por mais que seja algo indefinido, afinal, estamos em um bar, certo?<\/p>\n<p style=\"text-align: justify;\">Bom, a\u00ed os amigos que j\u00e1 me conhecem por tempos devem estar pensando: &#8220;Mas no #GEEKFAIL e no Zoom Digital as coisas j\u00e1 n\u00e3o funcionam assim?&#8221; A resposta \u00e9 sim e n\u00e3o. Depende da situa\u00e7\u00e3o, do meu estado de esp\u00edrito, da minha inspira\u00e7\u00e3o pra descrever determinado fato, assim como a seriedade e respeito que cada situa\u00e7\u00e3o merece. Tem dias que o cara fica muito &#8220;puto&#8221; e resolve chutar o balde,\u00a0 j\u00e1 em outras situa\u00e7\u00f5es, o &#8220;neg\u00f3cio&#8221; fica mais formal, mais bem estruturado. Tudo depende!<\/p>\n<p style=\"text-align: justify;\">Antes de criar isso aqui, eu estava pensando no fato de que eu n\u00e3o sou t\u00e3o &#8220;foda&#8221; pra ter uma &#8220;mesa de bar na internet&#8221; onde eu posso falar tudo que eu penso, falar por falar, falar palavr\u00e3o e tal. Quem sabe eu ainda vou excluir isso tudo, desistir, mas de nada vai resolver. Se a internet \u00e9 um canal aberto, porque eu n\u00e3o posso tentar ser descolado e levar uma conversa mais informal com o pessoal? Claro, seria mais foda se eu fosse mais foda mesmo, mas eu n\u00e3o sou t\u00e3o foda assim. Desculpem pelos palavr\u00f5es, mas quem n\u00e3o fala um &#8220;foda&#8221;, &#8220;puta&#8221;, &#8220;caralho&#8221; em uma conversa de bar. Alias, isso \u00e9 outra coisa, sim coisa, que depende. Depende do ambiente. Afinal, imagina um marido chegando em casa e soltando: &#8220;Cade minha mui\u00e9, puta do caralho?&#8221; Imagina! O cara n\u00e3o diz isso, n\u00e3o. Mas e entre amigos, no momento em que ele usa pra relaxar, tomar uma &#8220;ceva&#8221; e comer um xis. Ele n\u00e3o vai ser todo pomposo com o pessoal ao redor: &#8220;Por favor, amigos! Me passem o sal!&#8221; ou &#8220;Hmmm! Eu estou faminto hoje!&#8221;. Ah pode parar, n\u00e9!<\/p>\n<p style=\"text-align: justify;\">Ent\u00e3o, meus caros! N\u00e3o quero que pensem mal de mim ou mudem seus conceitos diante da minha pessoa (olha que formal isso), mas o Joatan Fontoura :: Blog n\u00e3o vai ser levado t\u00e3o a s\u00e9rio. As informa\u00e7\u00f5es v\u00e3o ficar aqui e ali entre as postagens, leia quem quiser. N\u00e3o me comprometo com periodicidade, foco e bl\u00e1, bl\u00e1, bl\u00e1. Afinal, algu\u00e9m faz isso em uma mesa de bar? E de forma alguma, nunca vou perder o respeito que sempre demonstrei perante todos. Pois quem n\u00e3o gosta de ser respeitado? Eu gosto! Por isso que a primeira coisa que fa\u00e7o antes de tudo \u00e9 respeitar meus semelhantes.<\/p>\n<p style=\"text-align: justify;\">Assim encerro a breve descri\u00e7\u00e3o desse blog. Talvez n\u00e3o t\u00e3o breve, bom, n\u00e3o sei. Quando eu sair do modo de edi\u00e7\u00e3o vou ver se o texto ficou realmente extenso, mas acho que n\u00e3o muito. N\u00e3o preciso indicar nenhuma outra forma de contato aqui, porque se voc\u00ea chegou at\u00e9 essa p\u00e1gina \u00e9 porque j\u00e1 me conhece. Se n\u00e3o me conhece, procure, em algum lugar, tenho certeza que voc\u00ea vai encontrar ao menos o meu Twitter. \u00c9, eu uso o Twitter intensamente, vejam l\u00e1. Desejo muito sucesso a todos e at\u00e9 qualquer postagem!<\/p>\n","protected":false},"excerpt":{"rendered":"<p>Um Hobby Tem gente que gosta de considerar as atividades al\u00e9m do trabalho cotidiano como um hobby. Bom, eu tamb\u00e9m gosto, tanto que acho que minha vida de blogueiro \u00e9 meio que um hobby. Mas n\u00e3o \u00e9 um hobby, hobby, sacam? Por exemplo, na parte editorial eu tento ser o mais profissional poss\u00edvel. Editando tudo [&hellip;]<\/p>\n","protected":false},"author":3,"featured_media":0,"parent":0,"menu_order":1,"comment_status":"open","ping_status":"closed","template":"","meta":{"footnotes":""},"_links":{"self":[{"href":"http:\/\/www.joatanfontoura.com\/blog\/wp-json\/wp\/v2\/pages\/10"}],"collection":[{"href":"http:\/\/www.joatanfontoura.com\/blog\/wp-json\/wp\/v2\/pages"}],"about":[{"href":"http:\/\/www.joatanfontoura.com\/blog\/wp-json\/wp\/v2\/types\/page"}],"author":[{"embeddable":true,"href":"http:\/\/www.joatanfontoura.com\/blog\/wp-json\/wp\/v2\/users\/3"}],"replies":[{"embeddable":true,"href":"http:\/\/www.joatanfontoura.com\/blog\/wp-json\/wp\/v2\/comments?post=10"}],"version-history":[{"count":6,"href":"http:\/\/www.joatanfontoura.com\/blog\/wp-json\/wp\/v2\/pages\/10\/revisions"}],"predecessor-version":[{"id":29,"href":"http:\/\/www.joatanfontoura.com\/blog\/wp-json\/wp\/v2\/pages\/10\/revisions\/29"}],"wp:attachment":[{"href":"http:\/\/www.joatanfontoura.com\/blog\/wp-json\/wp\/v2\/media?parent=10"}],"curies":[{"name":"wp","href":"https:\/\/api.w.org\/{rel}","templated":true}]}}