{"id":458,"date":"2012-11-04T00:52:07","date_gmt":"2012-11-04T02:52:07","guid":{"rendered":"http:\/\/www.joatanfontoura.com\/blog\/?page_id=458"},"modified":"2026-01-15T22:47:23","modified_gmt":"2026-01-16T01:47:23","slug":"quem-e","status":"publish","type":"page","link":"http:\/\/www.joatanfontoura.com\/blog\/quem-e\/","title":{"rendered":"Quem \u00e9"},"content":{"rendered":"<p style=\"text-align: justify;\"><img loading=\"lazy\" decoding=\"async\" class=\"size-full alignleft\" src=\"https:\/\/1.bp.blogspot.com\/-CR19UoJGoLA\/X1TmruEiWVI\/AAAAAAAAH5c\/IP2inWJuPYkl8gqeJM5JHrkDGbHG6AZ9ACNcBGAsYHQ\/w178-h200\/joatan_fontoura_perfil_notebook.jpeg\" width=\"178\" height=\"200\" \/>Joatan Fontoura, 35 anos, natural de Novo Hamburgo \/ RS, T\u00e9cnico em Inform\u00e1tica por forma\u00e7\u00e3o e Bacharel em Sistemas de Informa\u00e7\u00e3o.<\/p>\n<p style=\"text-align: justify;\">Desde crian\u00e7a chaves de fenda, alicates e ferro de solda, ferramentas cedidas pelo pai, faziam parte dos seus brinquedos. A curiosidade por manipular componentes eletr\u00f4nicos aflorou desde cedo. Mais tarde, o interesse por conhecer o funcionamento de um computador, desde o hardware at\u00e9 o sistema operacional, entrou em cena. Hoje sua vida \u00e9 movida por <em>devices<\/em> eletr\u00f4nicos, insepar\u00e1veis companheiros, principalmente pra quem gosta de estar sempre conectado.<\/p>\n<p style=\"text-align: justify;\">Al\u00e9m da sua experi\u00eancia profissional, atua como blogueiro nas horas vagas, escrevendo e gerenciando o Geek Fail (<a href=\"http:\/\/www.geekfail.net\/\" target=\"_blank\" rel=\"noopener noreferrer\">http:\/\/www.geekfail.net\/<\/a>), blog criado pelo pr\u00f3prio em 2009 com a inten\u00e7\u00e3o de compartilhar os fatos e not\u00edcias do ramo da tecnologia. Tamb\u00e9m j\u00e1 escreveu e assessorou na gest\u00e3o e revis\u00e3o de artigos do Zoom Digital (<a href=\"http:\/\/www.zoomdigital.com.br\/\" target=\"_blank\" rel=\"noopener noreferrer\">http:\/\/www.zoomdigital.com.br\/<\/a>). E claro, n\u00e3o menos importante, publica parte das suas experi\u00eancias e reflex\u00f5es <a href=\"http:\/\/www.joatanfontoura.com\/blog\/\" target=\"_blank\" rel=\"noopener noreferrer\">por aqui<\/a>, projeto iniciado em julho de 2012.<\/p>\n","protected":false},"excerpt":{"rendered":"<p>Joatan Fontoura, 35 anos, natural de Novo Hamburgo \/ RS, T\u00e9cnico em Inform\u00e1tica por forma\u00e7\u00e3o e Bacharel em Sistemas de Informa\u00e7\u00e3o. Desde crian\u00e7a chaves de fenda, alicates e ferro de solda, ferramentas cedidas pelo pai, faziam parte dos seus brinquedos. A curiosidade por manipular componentes eletr\u00f4nicos aflorou desde cedo. Mais tarde, o interesse por conhecer [&hellip;]<\/p>\n","protected":false},"author":3,"featured_media":0,"parent":0,"menu_order":2,"comment_status":"open","ping_status":"closed","template":"","meta":{"footnotes":""},"_links":{"self":[{"href":"http:\/\/www.joatanfontoura.com\/blog\/wp-json\/wp\/v2\/pages\/458"}],"collection":[{"href":"http:\/\/www.joatanfontoura.com\/blog\/wp-json\/wp\/v2\/pages"}],"about":[{"href":"http:\/\/www.joatanfontoura.com\/blog\/wp-json\/wp\/v2\/types\/page"}],"author":[{"embeddable":true,"href":"http:\/\/www.joatanfontoura.com\/blog\/wp-json\/wp\/v2\/users\/3"}],"replies":[{"embeddable":true,"href":"http:\/\/www.joatanfontoura.com\/blog\/wp-json\/wp\/v2\/comments?post=458"}],"version-history":[{"count":26,"href":"http:\/\/www.joatanfontoura.com\/blog\/wp-json\/wp\/v2\/pages\/458\/revisions"}],"predecessor-version":[{"id":2060,"href":"http:\/\/www.joatanfontoura.com\/blog\/wp-json\/wp\/v2\/pages\/458\/revisions\/2060"}],"wp:attachment":[{"href":"http:\/\/www.joatanfontoura.com\/blog\/wp-json\/wp\/v2\/media?parent=458"}],"curies":[{"name":"wp","href":"https:\/\/api.w.org\/{rel}","templated":true}]}}